{"id":8,"date":"2025-05-21T10:41:35","date_gmt":"2025-05-21T08:41:35","guid":{"rendered":"https:\/\/powerwashgdansk.pl\/?page_id=8"},"modified":"2026-03-17T11:12:42","modified_gmt":"2026-03-17T10:12:42","slug":"power-wash","status":"publish","type":"page","link":"https:\/\/www.brudbusters.com.pl\/","title":{"rendered":"Strona g\u0142\u00f3wna"},"content":{"rendered":"\n\n\n\n\n\n\n\n\n\n","protected":false},"excerpt":{"rendered":"","protected":false},"author":1,"featured_media":0,"parent":0,"menu_order":0,"comment_status":"closed","ping_status":"closed","template":"","meta":{"saved_in_kubio":true,"footnotes":""},"class_list":["post-8","page","type-page","status-publish","hentry"],"kubio_ai_page_context":{"short_desc":"","purpose":"general","isFrontPage":true},"yoast_head":"<!-- This site is optimized with the Yoast SEO plugin v25.2 - https:\/\/yoast.com\/wordpress\/plugins\/seo\/ -->\n<title>Strona g\u0142\u00f3wna - Brud Busters - Mycie Ci\u015bnieniowe<\/title>\n<meta name=\"description\" content=\"Profesjonalne mycie ci\u015bnieniowe w Gda\u0144sku i okolicach \u2013 elewacje, kostka brukowa, tarasy. Skuteczno\u015b\u0107 i satysfakcja gwarantowana!\" \/>\n<meta name=\"robots\" content=\"index, follow, max-snippet:-1, max-image-preview:large, max-video-preview:-1\" \/>\n<link rel=\"canonical\" href=\"http:\/\/serwer424569.lh.pl\/autoinstalator\/serwer424569.lh.pl\/wordpress153223\/\" \/>\n<meta property=\"og:locale\" content=\"en_US\" \/>\n<meta property=\"og:type\" content=\"article\" \/>\n<meta property=\"og:title\" content=\"Strona g\u0142\u00f3wna - Brud Busters - Mycie Ci\u015bnieniowe\" \/>\n<meta property=\"og:description\" content=\"Profesjonalne mycie ci\u015bnieniowe w Gda\u0144sku i okolicach \u2013 elewacje, kostka brukowa, tarasy. Skuteczno\u015b\u0107 i satysfakcja gwarantowana!\" \/>\n<meta property=\"og:url\" content=\"http:\/\/serwer424569.lh.pl\/autoinstalator\/serwer424569.lh.pl\/wordpress153223\/\" \/>\n<meta property=\"og:site_name\" content=\"Brud Busters - Mycie Ci\u015bnieniowe\" \/>\n<meta property=\"article:publisher\" content=\"https:\/\/www.facebook.com\/profile.php?id=61576162455357#\" \/>\n<meta property=\"article:modified_time\" content=\"2026-03-17T10:12:42+00:00\" \/>\n<meta name=\"twitter:card\" content=\"summary_large_image\" \/>\n<script type=\"application\/ld+json\" class=\"yoast-schema-graph\">{\"@context\":\"https:\/\/schema.org\",\"@graph\":[{\"@type\":\"WebPage\",\"@id\":\"https:\/\/www.brudbusters.com.pl\/\",\"url\":\"http:\/\/serwer424569.lh.pl\/autoinstalator\/serwer424569.lh.pl\/wordpress153223\/\",\"name\":\"Strona g\u0142\u00f3wna - Brud Busters - Mycie Ci\u015bnieniowe\",\"isPartOf\":{\"@id\":\"https:\/\/www.brudbusters.com.pl\/#website\"},\"datePublished\":\"2025-05-21T08:41:35+00:00\",\"dateModified\":\"2026-03-17T10:12:42+00:00\",\"description\":\"Profesjonalne mycie ci\u015bnieniowe w Gda\u0144sku i okolicach \u2013 elewacje, kostka brukowa, tarasy. Skuteczno\u015b\u0107 i satysfakcja gwarantowana!\",\"breadcrumb\":{\"@id\":\"http:\/\/serwer424569.lh.pl\/autoinstalator\/serwer424569.lh.pl\/wordpress153223\/#breadcrumb\"},\"inLanguage\":\"en-US\",\"potentialAction\":[{\"@type\":\"ReadAction\",\"target\":[\"http:\/\/serwer424569.lh.pl\/autoinstalator\/serwer424569.lh.pl\/wordpress153223\/\"]}]},{\"@type\":\"BreadcrumbList\",\"@id\":\"http:\/\/serwer424569.lh.pl\/autoinstalator\/serwer424569.lh.pl\/wordpress153223\/#breadcrumb\",\"itemListElement\":[{\"@type\":\"ListItem\",\"position\":1,\"name\":\"Strona g\u0142\u00f3wna\",\"item\":\"https:\/\/www.brudbusters.com.pl\/\"},{\"@type\":\"ListItem\",\"position\":2,\"name\":\"Strona g\u0142\u00f3wna\"}]},{\"@type\":\"WebSite\",\"@id\":\"https:\/\/www.brudbusters.com.pl\/#website\",\"url\":\"https:\/\/www.brudbusters.com.pl\/\",\"name\":\"Power Wash\",\"description\":\"\",\"publisher\":{\"@id\":\"https:\/\/www.brudbusters.com.pl\/#organization\"},\"potentialAction\":[{\"@type\":\"SearchAction\",\"target\":{\"@type\":\"EntryPoint\",\"urlTemplate\":\"https:\/\/www.brudbusters.com.pl\/?s={search_term_string}\"},\"query-input\":{\"@type\":\"PropertyValueSpecification\",\"valueRequired\":true,\"valueName\":\"search_term_string\"}}],\"inLanguage\":\"en-US\"},{\"@type\":\"Organization\",\"@id\":\"https:\/\/www.brudbusters.com.pl\/#organization\",\"name\":\"Power Wash\",\"url\":\"https:\/\/www.brudbusters.com.pl\/\",\"logo\":{\"@type\":\"ImageObject\",\"inLanguage\":\"en-US\",\"@id\":\"https:\/\/www.brudbusters.com.pl\/#\/schema\/logo\/image\/\",\"url\":\"https:\/\/www.brudbusters.com.pl\/wp-content\/uploads\/2026\/02\/BrudBusterswhite.png\",\"contentUrl\":\"https:\/\/www.brudbusters.com.pl\/wp-content\/uploads\/2026\/02\/BrudBusterswhite.png\",\"width\":1707,\"height\":1455,\"caption\":\"Power Wash\"},\"image\":{\"@id\":\"https:\/\/www.brudbusters.com.pl\/#\/schema\/logo\/image\/\"},\"sameAs\":[\"https:\/\/www.facebook.com\/profile.php?id=61576162455357#\",\"https:\/\/www.instagram.com\/powerwashgdansk\/\"]}]}<\/script>\n<!-- \/ Yoast SEO plugin. -->","yoast_head_json":{"title":"Strona g\u0142\u00f3wna - Brud Busters - Mycie Ci\u015bnieniowe","description":"Profesjonalne mycie ci\u015bnieniowe w Gda\u0144sku i okolicach \u2013 elewacje, kostka brukowa, tarasy. Skuteczno\u015b\u0107 i satysfakcja gwarantowana!","robots":{"index":"index","follow":"follow","max-snippet":"max-snippet:-1","max-image-preview":"max-image-preview:large","max-video-preview":"max-video-preview:-1"},"canonical":"http:\/\/serwer424569.lh.pl\/autoinstalator\/serwer424569.lh.pl\/wordpress153223\/","og_locale":"en_US","og_type":"article","og_title":"Strona g\u0142\u00f3wna - Brud Busters - Mycie Ci\u015bnieniowe","og_description":"Profesjonalne mycie ci\u015bnieniowe w Gda\u0144sku i okolicach \u2013 elewacje, kostka brukowa, tarasy. Skuteczno\u015b\u0107 i satysfakcja gwarantowana!","og_url":"http:\/\/serwer424569.lh.pl\/autoinstalator\/serwer424569.lh.pl\/wordpress153223\/","og_site_name":"Brud Busters - Mycie Ci\u015bnieniowe","article_publisher":"https:\/\/www.facebook.com\/profile.php?id=61576162455357#","article_modified_time":"2026-03-17T10:12:42+00:00","twitter_card":"summary_large_image","schema":{"@context":"https:\/\/schema.org","@graph":[{"@type":"WebPage","@id":"https:\/\/www.brudbusters.com.pl\/","url":"http:\/\/serwer424569.lh.pl\/autoinstalator\/serwer424569.lh.pl\/wordpress153223\/","name":"Strona g\u0142\u00f3wna - Brud Busters - Mycie Ci\u015bnieniowe","isPartOf":{"@id":"https:\/\/www.brudbusters.com.pl\/#website"},"datePublished":"2025-05-21T08:41:35+00:00","dateModified":"2026-03-17T10:12:42+00:00","description":"Profesjonalne mycie ci\u015bnieniowe w Gda\u0144sku i okolicach \u2013 elewacje, kostka brukowa, tarasy. Skuteczno\u015b\u0107 i satysfakcja gwarantowana!","breadcrumb":{"@id":"http:\/\/serwer424569.lh.pl\/autoinstalator\/serwer424569.lh.pl\/wordpress153223\/#breadcrumb"},"inLanguage":"en-US","potentialAction":[{"@type":"ReadAction","target":["http:\/\/serwer424569.lh.pl\/autoinstalator\/serwer424569.lh.pl\/wordpress153223\/"]}]},{"@type":"BreadcrumbList","@id":"http:\/\/serwer424569.lh.pl\/autoinstalator\/serwer424569.lh.pl\/wordpress153223\/#breadcrumb","itemListElement":[{"@type":"ListItem","position":1,"name":"Strona g\u0142\u00f3wna","item":"https:\/\/www.brudbusters.com.pl\/"},{"@type":"ListItem","position":2,"name":"Strona g\u0142\u00f3wna"}]},{"@type":"WebSite","@id":"https:\/\/www.brudbusters.com.pl\/#website","url":"https:\/\/www.brudbusters.com.pl\/","name":"Power Wash","description":"","publisher":{"@id":"https:\/\/www.brudbusters.com.pl\/#organization"},"potentialAction":[{"@type":"SearchAction","target":{"@type":"EntryPoint","urlTemplate":"https:\/\/www.brudbusters.com.pl\/?s={search_term_string}"},"query-input":{"@type":"PropertyValueSpecification","valueRequired":true,"valueName":"search_term_string"}}],"inLanguage":"en-US"},{"@type":"Organization","@id":"https:\/\/www.brudbusters.com.pl\/#organization","name":"Power Wash","url":"https:\/\/www.brudbusters.com.pl\/","logo":{"@type":"ImageObject","inLanguage":"en-US","@id":"https:\/\/www.brudbusters.com.pl\/#\/schema\/logo\/image\/","url":"https:\/\/www.brudbusters.com.pl\/wp-content\/uploads\/2026\/02\/BrudBusterswhite.png","contentUrl":"https:\/\/www.brudbusters.com.pl\/wp-content\/uploads\/2026\/02\/BrudBusterswhite.png","width":1707,"height":1455,"caption":"Power Wash"},"image":{"@id":"https:\/\/www.brudbusters.com.pl\/#\/schema\/logo\/image\/"},"sameAs":["https:\/\/www.facebook.com\/profile.php?id=61576162455357#","https:\/\/www.instagram.com\/powerwashgdansk\/"]}]}},"_links":{"self":[{"href":"https:\/\/www.brudbusters.com.pl\/index.php?rest_route=\/wp\/v2\/pages\/8","targetHints":{"allow":["GET"]}}],"collection":[{"href":"https:\/\/www.brudbusters.com.pl\/index.php?rest_route=\/wp\/v2\/pages"}],"about":[{"href":"https:\/\/www.brudbusters.com.pl\/index.php?rest_route=\/wp\/v2\/types\/page"}],"author":[{"embeddable":true,"href":"https:\/\/www.brudbusters.com.pl\/index.php?rest_route=\/wp\/v2\/users\/1"}],"replies":[{"embeddable":true,"href":"https:\/\/www.brudbusters.com.pl\/index.php?rest_route=%2Fwp%2Fv2%2Fcomments&post=8"}],"version-history":[{"count":23,"href":"https:\/\/www.brudbusters.com.pl\/index.php?rest_route=\/wp\/v2\/pages\/8\/revisions"}],"predecessor-version":[{"id":228,"href":"https:\/\/www.brudbusters.com.pl\/index.php?rest_route=\/wp\/v2\/pages\/8\/revisions\/228"}],"wp:attachment":[{"href":"https:\/\/www.brudbusters.com.pl\/index.php?rest_route=%2Fwp%2Fv2%2Fmedia&parent=8"}],"curies":[{"name":"wp","href":"https:\/\/api.w.org\/{rel}","templated":true}]}}